{"id":17397,"date":"2025-06-04T19:40:06","date_gmt":"2025-06-04T17:40:06","guid":{"rendered":"https:\/\/sacclisson.fr\/emploi\/?page_id=17397"},"modified":"2025-06-12T19:45:59","modified_gmt":"2025-06-12T17:45:59","slug":"test__trashed","status":"publish","type":"page","link":"https:\/\/sacclisson.fr\/emploi\/","title":{"rendered":"Accueil"},"content":{"rendered":"<div class=\"wpb-content-wrapper\"><p>[vc_row][vc_column]\n        <div class=\"noo-job-search-wrapper \" id=\"job-search-slider-1\" style=\"color:#fff;\">\n\t\t\t\n\t\t\t\t\t\t\t\t\t\t\t\t                <script>\n\t                    jQuery('document').ready(function ($) {\n\t                        var navbar_height = 0;\n\t                        if($('.noo-header').hasClass('.header-1')){\n\t\t\t\t\t\t\t\tnavbar_height = $('.navbar').outerHeight();\n\t\t\t\t\t\t\t}\n\n\t                        if ($('body').hasClass('admin-bar')) {\n\t                            navbar_height += $('#wpadminbar').outerHeight();\n\t                        }\n\t                        $('.job-search-bg-image').css('height', ($(window).height() - navbar_height) + 'px');\n\t                    })\n\t                <\/script>\n\t\t\t\t\t\t\t\t\t\t\t\t\t\t\t\t\t\t\t\t<div class=\"job-search-bg-image \" style=\"background-image: url(https:\/\/sacclisson.fr\/emploi\/wp-content\/uploads\/2025\/06\/20120114-_D4A2001-scaled.jpg);\">\n\t\t\t\t\t<div class=\"container job-advanced-search-container\">\n\t\t                <div class=\"job-advanced-search center  horizontal style-1 column-4\" style=\"top: 230px;\">\n\t\t                    <div class=\"job-search-info center\">\n\t\t\t\t\t\t\t\t\t\t                            <h2 class=\"search-main-title\" style=\"color: #FFFFFF\">Trouvez le job id\u00e9al<\/h2>\n\t\t\t\t\t\t\t\t\t\t\t\t\t\t\t\t\t\t                            <p class=\"search-sub-title\" style=\"color: #FFFFFF\">Parcourez les offres d'emploi disponibles chez nos partenaires.<\/p>\n\t\t\t\t\t\t\t\t\t\t                    <\/div>\n\t\t                    <div class=\"job-advanced-search-wrap\">\n\t\t                        <form method=\"get\" class=\"form-inline\" action=\"https:\/\/sacclisson.fr\/emploi\/jobs\/\">\n\t\t                            <div class=\"job-advanced-search-form x\">\n\t\t                               <!--  <input type=\"hidden\" value=\"\" name=\"post_type\"> -->\n\t\t\t\t\t\t\t\t\t\t\t\t                                    <div class=\"form-group\">\n\t\t                                        <label class=\"sr-only\"\n\t\t                                               for=\"search-keyword\">Mots Cl\u00e9s<\/label>\n\t\t                                        <input type=\"text\" class=\"form-control\" id=\"search-keyword\" name=\"s\"\n\t\t                                               placeholder=\"Mots Cl\u00e9s\"\n\t\t                                               value=\"\">\n\t\t                                    <\/div>\n\t\t\t\t\t\t\t\t\t\t\t\t\t\t\t\t\t\t\t\t        <div class=\"form-group\" data-placeholder=\"Localisations\">\n            <label for=\"search-location\" class=\"control-label\">\n                Localisations            <\/label>\n            <div class=\"advance-search-form-control\">\n                <select multiple  name='location[]' id='noo-field-job_location69d5819c804e3' class='form-control noo-select form-control-chosen'>\n\t<option class=\"level-0\" value=\"clisson\">Clisson<\/option>\n<\/select>\n            <\/div>\n        <\/div>\n                <div class=\"form-group\" data-placeholder=\"Categories\">\n            <label for=\"search-category\" class=\"control-label\">\n                Categories            <\/label>\n            <div class=\"advance-search-form-control\">\n                <select multiple  name='category[]' id='noo-field-job_category69d5819c80964' class='form-control noo-select form-control-chosen'>\n\t<option class=\"level-0\" value=\"administration-secretariat\">Administration et Secr\u00e9tariat<\/option>\n\t<option class=\"level-0\" value=\"art-culture\">Art &amp; Culture<\/option>\n\t<option class=\"level-0\" value=\"btp-construction\">BTP et Construction<\/option>\n\t<option class=\"level-0\" value=\"commerce-et-vente\">Commerce &amp; Vente<\/option>\n\t<option class=\"level-0\" value=\"education-formation\">\u00c9ducation et Formation<\/option>\n\t<option class=\"level-0\" value=\"energies-renouvelables-environnement\">\u00c9nergies renouvelables et Environnement<\/option>\n\t<option class=\"level-0\" value=\"finance\">Finance et Comptabilit\u00e9<\/option>\n\t<option class=\"level-0\" value=\"hotellerie-restauration\">H\u00f4tellerie et Restauration<\/option>\n\t<option class=\"level-0\" value=\"immobilier\">Immobilier<\/option>\n\t<option class=\"level-0\" value=\"industrie-production\">Industrie et Production<\/option>\n\t<option class=\"level-0\" value=\"it\">IT<\/option>\n\t<option class=\"level-0\" value=\"job-dete\">Job d&rsquo;\u00e9t\u00e9<\/option>\n\t<option class=\"level-0\" value=\"juridique-droit\">Juridique et Droit<\/option>\n\t<option class=\"level-0\" value=\"logistique-transport\">Logistique et Transport<\/option>\n\t<option class=\"level-0\" value=\"marketing-et-communication\">Marketing et Communication<\/option>\n\t<option class=\"level-0\" value=\"mode-beaute\">Mode et Beaut\u00e9<\/option>\n\t<option class=\"level-0\" value=\"reassort\">Reassort<\/option>\n\t<option class=\"level-0\" value=\"ressources-humaines-et-recrutement\">Ressources humaines et recrutement<\/option>\n\t<option class=\"level-0\" value=\"sales\">Sales<\/option>\n\t<option class=\"level-0\" value=\"sante-paramedical\">Sant\u00e9 et Param\u00e9dical<\/option>\n\t<option class=\"level-0\" value=\"sciences-recherche\">Sciences et Recherche<\/option>\n\t<option class=\"level-0\" value=\"security\">Security<\/option>\n\t<option class=\"level-0\" value=\"service-client-support\">Service client &amp; Support<\/option>\n<\/select>\n            <\/div>\n        <\/div>\n        \t\t                                <div class=\"form-action\">\n\t\t                                    <button type=\"submit\" class=\"btn btn-primary btn-search-submit\">\n\t\t\t\t\t\t\t\t\t\t\t\tRECHERCHER<\/button>\n\t\t                                <\/div>\n\t\t                            <\/div>\n\t\t                        <\/form>\n\t\t                    <\/div>\n\t\t\t\t\t\t\t\t\t                <\/div>\n\t                <\/div>\n\t            <\/div>\n\t\t\t        <\/div>\n\t\t[\/vc_column][\/vc_row][vc_row][vc_column]        <div class=\"noo-heading-sc text-center\">\n                            <h2 class=\"noo-title-sc\">\n                    Les derni\u00e8res offres d'emploi                <\/h2>\n            \n\t                        <p class=\"noo-subtitle-sc\">\n\t\t\t        D\u00e9couvrez les offres d&#039;emploi publi\u00e9es par nos partenaires                <\/p>\n\t                <\/div>\n        [\/vc_column][\/vc_row][vc_row inner_container=\u00a0\u00bbtrue\u00a0\u00bb][vc_column width=\u00a0\u00bb1\/3&Prime;][vc_widget_sidebar sidebar_id=\u00a0\u00bbsidebar-job\u00a0\u00bb][\/vc_column][vc_column width=\u00a0\u00bb2\/3&Prime;]    <div class=\"result-filter-wraper mb30\">\n        <div class=\"value-filter-selected b-shadow\">\n            <div class=\"inner\">\n                <ul class=\"results-filter\">\n                                            <\/ul>\n                <a class=\"filter-clear-all\" href=\"https:\/\/sacclisson.fr\/emploi\/jobs\/\">Tout Effacer<\/a>\n            <\/div>\n        <\/div>\n    <\/div>\n                <div class=\"jobs posts-loop\">\n            <h3 class=\"text-center\">D\u00e9sol\u00e9, nous n'avons rien trouv\u00e9<\/h3>\n        <\/div>\n    [\/vc_column][\/vc_row][vc_row inner_container=\u00a0\u00bbtrue\u00a0\u00bb][vc_column]        <div class=\"noo-heading-sc text-center\">\n                            <h2 class=\"noo-title-sc\">\n                    Nos partenaires                <\/h2>\n            \n\t                        <p class=\"noo-subtitle-sc\">\n\t\t\t        Les partenaires du club SAC CLISSON                <\/p>\n\t                <\/div>\n        <div class=\"swiper-container noo-company-sc style-grid\"\n     id=\"company-id-69d5819c8436c\">\n    <div class=\"swiper-wrapper\">\n                    <div class=\"swiper-slide company-item\">\n                <div class=\"company-thumbnail\">\n                    <a href=\"https:\/\/sacclisson.fr\/emploi\/companies\/entreprise-test\/\">\n                        <img decoding=\"async\" width=\"200\" height=\"113\" src=\"https:\/\/sacclisson.fr\/emploi\/wp-content\/uploads\/2025\/06\/AXA-Logo-200x113.png\" class=\"\" alt=\"AXA\" srcset=\"https:\/\/sacclisson.fr\/emploi\/wp-content\/uploads\/2025\/06\/AXA-Logo-200x113.png 200w, https:\/\/sacclisson.fr\/emploi\/wp-content\/uploads\/2025\/06\/AXA-Logo-300x169.png 300w, https:\/\/sacclisson.fr\/emploi\/wp-content\/uploads\/2025\/06\/AXA-Logo-1024x576.png 1024w, https:\/\/sacclisson.fr\/emploi\/wp-content\/uploads\/2025\/06\/AXA-Logo-768x432.png 768w, https:\/\/sacclisson.fr\/emploi\/wp-content\/uploads\/2025\/06\/AXA-Logo-1536x864.png 1536w, https:\/\/sacclisson.fr\/emploi\/wp-content\/uploads\/2025\/06\/AXA-Logo-2048x1152.png 2048w, https:\/\/sacclisson.fr\/emploi\/wp-content\/uploads\/2025\/06\/AXA-Logo-100x56.png 100w, https:\/\/sacclisson.fr\/emploi\/wp-content\/uploads\/2025\/06\/AXA-Logo-600x338.png 600w\" sizes=\"(max-width: 200px) 100vw, 200px\" \/>                    <\/a>\n                <\/div>\n                <div class=\"company-meta\">\n                    <a class=\"company-name\" href=\"https:\/\/sacclisson.fr\/emploi\/companies\/entreprise-test\/\">\n                        AXA                    <\/a>\n                    <p>\n                        <span class=\"job-count\">0 Offre<\/span>\n                        <span class=\"company-address\">Clisson<\/span>\n                    <\/p>\n                <\/div>\n            <\/div>\n                    <div class=\"swiper-slide company-item\">\n                <div class=\"company-thumbnail\">\n                    <a href=\"https:\/\/sacclisson.fr\/emploi\/companies\/carrefour\/\">\n                        <img decoding=\"async\" src=\"https:\/\/sacclisson.fr\/emploi\/wp-content\/themes\/noo-jobmonster\/assets\/images\/company-logo.png\"  class=\"\" alt=\"Carrefour\">                    <\/a>\n                <\/div>\n                <div class=\"company-meta\">\n                    <a class=\"company-name\" href=\"https:\/\/sacclisson.fr\/emploi\/companies\/carrefour\/\">\n                        Carrefour                    <\/a>\n                    <p>\n                        <span class=\"job-count\">0 Offre<\/span>\n                        <span class=\"company-address\">Clisson<\/span>\n                    <\/p>\n                <\/div>\n            <\/div>\n                    <div class=\"swiper-slide company-item\">\n                <div class=\"company-thumbnail\">\n                    <a href=\"https:\/\/sacclisson.fr\/emploi\/companies\/david-jones\/\">\n                        <img decoding=\"async\" src=\"https:\/\/sacclisson.fr\/emploi\/wp-content\/themes\/noo-jobmonster\/assets\/images\/company-logo.png\"  class=\"\" alt=\"David Jones\">                    <\/a>\n                <\/div>\n                <div class=\"company-meta\">\n                    <a class=\"company-name\" href=\"https:\/\/sacclisson.fr\/emploi\/companies\/david-jones\/\">\n                        David Jones                    <\/a>\n                    <p>\n                        <span class=\"job-count\">0 Offre<\/span>\n                        <span class=\"company-address\">Clisson<\/span>\n                    <\/p>\n                <\/div>\n            <\/div>\n            <\/div>\n    <div class=\"company-pagination text-center\">\n        <a href=\"#\" class=\"swiper-prev\">\n            <i class=\"fa fa-chevron-left\"><\/i>\n        <\/a>\n\n        <a href=\"#\" class=\"swiper-next\">\n            <i class=\"fa fa-chevron-right\"><\/i>\n        <\/a>\n    <\/div>\n<\/div>\n\n<script type=\"text\/javascript\">\n    jQuery(document).ready(function ($) {\n        var mySwiper = new Swiper(\"#company-id-69d5819c8436c\", {\n            speed: 800,\n            spaceBetween: 30,\n            slidesPerView: 3,\n            slidesPerColumn: 2,\n            autoplay: false,\n            preloadImages: false,\n            breakpoints: {\n                480: {\n                    slidesPerView: 1,\n                    slidesPerColumn: 1,\n                    spaceBetween: 10\n                },\n                \/\/ when window width is <= 640px\n                640: {\n                    slidesPerView: 2,\n                    slidesPerColumn: 1,\n                    spaceBetween: 20\n                },\n            },\n            lazy: true,\n            navigation: {\n                nextEl: '.swiper-next',\n                prevEl: '.swiper-prev',\n            },\n        })\n    });\n<\/script>[\/vc_column][\/vc_row]<\/p>\n<\/div>","protected":false},"excerpt":{"rendered":"<p>[vc_row][vc_column][\/vc_column][\/vc_row][vc_row][vc_column][\/vc_column][\/vc_row][vc_row inner_container=\u00a0\u00bbtrue\u00a0\u00bb][vc_column width=\u00a0\u00bb1\/3&Prime;][vc_widget_sidebar sidebar_id=\u00a0\u00bbsidebar-job\u00a0\u00bb][\/vc_column][vc_column width=\u00a0\u00bb2\/3&Prime;][\/vc_column][\/vc_row][vc_row inner_container=\u00a0\u00bbtrue\u00a0\u00bb][vc_column][\/vc_column][\/vc_row]<\/p>\n","protected":false},"author":1,"featured_media":0,"parent":0,"menu_order":0,"comment_status":"closed","ping_status":"closed","template":"elementor_header_footer","meta":{"footnotes":""},"class_list":["post-17397","page","type-page","status-publish","hentry","no-featured","has-left-col"],"_links":{"self":[{"href":"https:\/\/sacclisson.fr\/emploi\/wp-json\/wp\/v2\/pages\/17397","targetHints":{"allow":["GET"]}}],"collection":[{"href":"https:\/\/sacclisson.fr\/emploi\/wp-json\/wp\/v2\/pages"}],"about":[{"href":"https:\/\/sacclisson.fr\/emploi\/wp-json\/wp\/v2\/types\/page"}],"author":[{"embeddable":true,"href":"https:\/\/sacclisson.fr\/emploi\/wp-json\/wp\/v2\/users\/1"}],"replies":[{"embeddable":true,"href":"https:\/\/sacclisson.fr\/emploi\/wp-json\/wp\/v2\/comments?post=17397"}],"version-history":[{"count":39,"href":"https:\/\/sacclisson.fr\/emploi\/wp-json\/wp\/v2\/pages\/17397\/revisions"}],"predecessor-version":[{"id":17532,"href":"https:\/\/sacclisson.fr\/emploi\/wp-json\/wp\/v2\/pages\/17397\/revisions\/17532"}],"wp:attachment":[{"href":"https:\/\/sacclisson.fr\/emploi\/wp-json\/wp\/v2\/media?parent=17397"}],"curies":[{"name":"wp","href":"https:\/\/api.w.org\/{rel}","templated":true}]}}